{"id":1295,"date":"2022-08-10T06:30:35","date_gmt":"2022-08-10T06:30:35","guid":{"rendered":"https:\/\/www.cherka-company.ba\/?post_type=product&#038;p=1295"},"modified":"2022-08-10T06:49:16","modified_gmt":"2022-08-10T06:49:16","slug":"lena-slip","status":"publish","type":"product","link":"https:\/\/www.cherka-company.ba\/?product=lena-slip","title":{"rendered":"Lena Slip"},"content":{"rendered":"\t\t<div data-elementor-type=\"product-post\" data-elementor-id=\"1295\" class=\"elementor elementor-1295\">\n\t\t\t\t\t\t\t\t\t<section class=\"elementor-section elementor-top-section elementor-element elementor-element-8a5ee88 elementor-section-boxed elementor-section-height-default elementor-section-height-default\" data-id=\"8a5ee88\" data-element_type=\"section\">\r\n\t\t\t\r\n\t\t\t\t\t\t\t\t\t<div class=\"elementor-container elementor-column-gap-default\">\r\n\t\t\t\t\t\t\t\t\t\t\t<div class=\"elementor-column elementor-col-100 elementor-top-column elementor-element elementor-element-4d777655\" data-id=\"4d777655\" data-element_type=\"column\">\r\n\r\n\t\t\t\t\t<div class=\"elementor-widget-wrap elementor-element-populated\">\r\n\t\t\t\t\t\t\t\t<div class=\"elementor-element elementor-element-339cf582 elementor-widget elementor-widget-text-editor\" data-id=\"339cf582\" data-element_type=\"widget\" data-widget_type=\"text-editor.default\">\n\t\t\t\t<div class=\"elementor-widget-container\">\n\t\t\t<style>\/*! elementor - v3.7.8 - 02-10-2022 *\/\n.elementor-widget-text-editor.elementor-drop-cap-view-stacked .elementor-drop-cap{background-color:#818a91;color:#fff}.elementor-widget-text-editor.elementor-drop-cap-view-framed .elementor-drop-cap{color:#818a91;border:3px solid;background-color:transparent}.elementor-widget-text-editor:not(.elementor-drop-cap-view-default) .elementor-drop-cap{margin-top:8px}.elementor-widget-text-editor:not(.elementor-drop-cap-view-default) .elementor-drop-cap-letter{width:1em;height:1em}.elementor-widget-text-editor .elementor-drop-cap{float:left;text-align:center;line-height:1;font-size:50px}.elementor-widget-text-editor .elementor-drop-cap-letter{display:inline-block}<\/style>\t\t\t\t<ul class=\"unordered-list\"><li>Aloe Vera<\/li><li>Visokoupijaju\u0107a jezgra s mikroporama i sustavom za ravnomjerno \u0161irenje teku\u0107ine<\/li><li>Bo\u010dni \u0161titnici<\/li><li>Specijalna supstanca anulira neugodan miris<\/li><li>Podatno prijanjanje anatomskog ulo\u0161ka<\/li><li>Anatomski oblik<\/li><li>Indikator vla\u017enosti<\/li><\/ul>\t\t\t\t\t\t<\/div>\n\t\t\t\t<\/div>\n\t\t\t\t\t<\/div>\r\n\t\t\t\t<\/div>\r\n\t\t\t\t\t\t<\/div>\r\n\t\t\t\t<\/section>\r\n\t\t\t\t<section class=\"elementor-section elementor-top-section elementor-element elementor-element-838efc1 elementor-hidden-tablet elementor-hidden-mobile elementor-section-boxed elementor-section-height-default elementor-section-height-default\" data-id=\"838efc1\" data-element_type=\"section\">\r\n\t\t\t\r\n\t\t\t\t\t\t\t\t\t<div class=\"elementor-container elementor-column-gap-default\">\r\n\t\t\t\t\t\t\t\t\t\t\t<div class=\"elementor-column elementor-col-100 elementor-top-column elementor-element elementor-element-3ae4738\" data-id=\"3ae4738\" data-element_type=\"column\">\r\n\r\n\t\t\t\t\t<div class=\"elementor-widget-wrap elementor-element-populated\">\r\n\t\t\t\t\t\t\t\t<div class=\"elementor-element elementor-element-06e4b5c elementor-widget elementor-widget-text-editor\" data-id=\"06e4b5c\" data-element_type=\"widget\" data-widget_type=\"text-editor.default\">\n\t\t\t\t<div class=\"elementor-widget-container\">\n\t\t\t\t\t\t\t<table>\n<tbody>\n<tr>\n<th>Kat. broj<\/th>\n<td style=\"text-align: left;\"><strong>LE 5020<\/strong><\/td>\n<td style=\"text-align: left;\"><strong>LE 5030<\/strong><\/td>\n<\/tr>\n<tr>\n<th>Naziv<\/th>\n<td style=\"text-align: left;\">Lena Slip Medium<\/td>\n<td style=\"text-align: left;\">Lena Slip Large<\/td>\n<\/tr>\n<tr>\n<th>Mo\u0107 upijanja<\/th>\n<td style=\"text-align: left;\"><img loading=\"lazy\" class=\"alignnone wp-image-8693\" src=\"https:\/\/kdk.hr\/wp-content\/uploads\/2021\/12\/drop_full.gif\" alt=\"\" width=\"30\" height=\"30\" \/><img loading=\"lazy\" class=\"alignnone wp-image-8693\" src=\"https:\/\/kdk.hr\/wp-content\/uploads\/2021\/12\/drop_full.gif\" alt=\"\" width=\"30\" height=\"30\" \/><img loading=\"lazy\" class=\"alignnone wp-image-8692\" src=\"https:\/\/kdk.hr\/wp-content\/uploads\/2021\/12\/drop_empty.gif\" alt=\"\" width=\"30\" height=\"30\" \/><img loading=\"lazy\" class=\"alignnone wp-image-8692\" src=\"https:\/\/kdk.hr\/wp-content\/uploads\/2021\/12\/drop_empty.gif\" alt=\"\" width=\"30\" height=\"30\" \/><\/td>\n<td style=\"text-align: left;\"><img loading=\"lazy\" class=\"alignnone wp-image-8693\" src=\"https:\/\/kdk.hr\/wp-content\/uploads\/2021\/12\/drop_full.gif\" alt=\"\" width=\"30\" height=\"30\" \/><img loading=\"lazy\" class=\"alignnone wp-image-8693\" src=\"https:\/\/kdk.hr\/wp-content\/uploads\/2021\/12\/drop_full.gif\" alt=\"\" width=\"30\" height=\"30\" \/><img loading=\"lazy\" class=\"alignnone wp-image-8692\" src=\"https:\/\/kdk.hr\/wp-content\/uploads\/2021\/12\/drop_empty.gif\" alt=\"\" width=\"30\" height=\"30\" \/><img loading=\"lazy\" class=\"alignnone wp-image-8692\" src=\"https:\/\/kdk.hr\/wp-content\/uploads\/2021\/12\/drop_empty.gif\" alt=\"\" width=\"30\" height=\"30\" \/><\/td>\n<\/tr>\n<tr>\n<th>Obujam<\/th>\n<td style=\"text-align: left;\">75 &#8211; 110 cm<\/td>\n<td style=\"text-align: left;\">110 &#8211; 150 cm<\/td>\n<\/tr>\n<tr>\n<th>Vre\u0107ica\/kutija<\/th>\n<td style=\"text-align: left;\">30 kom\/120 kom<\/td>\n<td style=\"text-align: left;\">30 kom\/120 kom<\/td>\n<\/tr>\n<\/tbody>\n<\/table>\n&nbsp;\t\t\t\t\t\t<\/div>\n\t\t\t\t<\/div>\n\t\t\t\t\t<\/div>\r\n\t\t\t\t<\/div>\r\n\t\t\t\t\t\t<\/div>\r\n\t\t\t\t<\/section>\r\n\t\t\t\t<section class=\"elementor-section elementor-top-section elementor-element elementor-element-781c101 elementor-hidden-desktop elementor-section-boxed elementor-section-height-default elementor-section-height-default\" data-id=\"781c101\" data-element_type=\"section\">\r\n\t\t\t\r\n\t\t\t\t\t\t\t\t\t<div class=\"elementor-container elementor-column-gap-default\">\r\n\t\t\t\t\t\t\t\t\t\t\t<div class=\"elementor-column elementor-col-100 elementor-top-column elementor-element elementor-element-67365cc\" data-id=\"67365cc\" data-element_type=\"column\">\r\n\r\n\t\t\t\t\t<div class=\"elementor-widget-wrap elementor-element-populated\">\r\n\t\t\t\t\t\t\t\t<div class=\"elementor-element elementor-element-e187f62 elementor-widget elementor-widget-text-editor\" data-id=\"e187f62\" data-element_type=\"widget\" data-widget_type=\"text-editor.default\">\n\t\t\t\t<div class=\"elementor-widget-container\">\n\t\t\t\t\t\t\t<table><tbody><tr><td style=\"text-align: left;\"><strong>LE 5020<\/strong><\/td><td style=\"text-align: left;\"><strong>LE 5030<\/strong><\/td><\/tr><tr><td style=\"text-align: left;\">Lena Slip Medium<\/td><td style=\"text-align: left;\">Lena Slip Large<\/td><\/tr><tr><td style=\"text-align: left;\"><img loading=\"lazy\" class=\"alignnone wp-image-8693\" src=\"https:\/\/kdk.hr\/wp-content\/uploads\/2021\/12\/drop_full.gif\" alt=\"\" width=\"30\" height=\"30\" \/><img loading=\"lazy\" class=\"alignnone wp-image-8693\" src=\"https:\/\/kdk.hr\/wp-content\/uploads\/2021\/12\/drop_full.gif\" alt=\"\" width=\"30\" height=\"30\" \/><img loading=\"lazy\" class=\"alignnone wp-image-8692\" src=\"https:\/\/kdk.hr\/wp-content\/uploads\/2021\/12\/drop_empty.gif\" alt=\"\" width=\"30\" height=\"30\" \/><img loading=\"lazy\" class=\"alignnone wp-image-8692\" src=\"https:\/\/kdk.hr\/wp-content\/uploads\/2021\/12\/drop_empty.gif\" alt=\"\" width=\"30\" height=\"30\" \/><\/td><td style=\"text-align: left;\"><img loading=\"lazy\" class=\"alignnone wp-image-8693\" src=\"https:\/\/kdk.hr\/wp-content\/uploads\/2021\/12\/drop_full.gif\" alt=\"\" width=\"30\" height=\"30\" \/><img loading=\"lazy\" class=\"alignnone wp-image-8693\" src=\"https:\/\/kdk.hr\/wp-content\/uploads\/2021\/12\/drop_full.gif\" alt=\"\" width=\"30\" height=\"30\" \/><img loading=\"lazy\" class=\"alignnone wp-image-8692\" src=\"https:\/\/kdk.hr\/wp-content\/uploads\/2021\/12\/drop_empty.gif\" alt=\"\" width=\"30\" height=\"30\" \/><img loading=\"lazy\" class=\"alignnone wp-image-8692\" src=\"https:\/\/kdk.hr\/wp-content\/uploads\/2021\/12\/drop_empty.gif\" alt=\"\" width=\"30\" height=\"30\" \/><\/td><\/tr><tr><td style=\"text-align: left;\">75 &#8211; 110 cm<\/td><td style=\"text-align: left;\">100 &#8211; 150 cm<\/td><\/tr><tr><td style=\"text-align: left;\">30 kom\/120 kom<\/td><td style=\"text-align: left;\">30 kom\/120 kom<\/td><\/tr><tr><td style=\"text-align: left;\">0930041021058<\/td><td style=\"text-align: left;\">0930041021059<\/td><\/tr><\/tbody><\/table><p>\u00a0<\/p>\t\t\t\t\t\t<\/div>\n\t\t\t\t<\/div>\n\t\t\t\t\t<\/div>\r\n\t\t\t\t<\/div>\r\n\t\t\t\t\t\t<\/div>\r\n\t\t\t\t<\/section>\r\n\t\t\t\t\t\t\t<\/div>\n\t\t","protected":false},"excerpt":{"rendered":"<ul class=\"unordered-list\">\n<li>Niskoupijaju\u0107e pelene<\/li>\n<li>Aloe Vera<\/li>\n<li>Visokoupijaju\u0107a jezgra s mikroporama i sustavom za ravnomjerno \u0161irenje teku\u0107ine<\/li>\n<li>Bo\u010dni \u0161titnici<\/li>\n<li>Specijalna supstanca anulira neugodan miris<\/li>\n<li>Podatno prijanjanje anatomskog ulo\u0161ka<\/li>\n<li>Anatomski oblik<\/li>\n<li>Indikator vla\u017enosti<\/li>\n<\/ul>\n","protected":false},"featured_media":1296,"template":"","meta":[],"product_cat":[51,53],"product_tag":[],"_links":{"self":[{"href":"https:\/\/www.cherka-company.ba\/index.php?rest_route=\/wp\/v2\/product\/1295"}],"collection":[{"href":"https:\/\/www.cherka-company.ba\/index.php?rest_route=\/wp\/v2\/product"}],"about":[{"href":"https:\/\/www.cherka-company.ba\/index.php?rest_route=\/wp\/v2\/types\/product"}],"version-history":[{"count":10,"href":"https:\/\/www.cherka-company.ba\/index.php?rest_route=\/wp\/v2\/product\/1295\/revisions"}],"predecessor-version":[{"id":1306,"href":"https:\/\/www.cherka-company.ba\/index.php?rest_route=\/wp\/v2\/product\/1295\/revisions\/1306"}],"wp:featuredmedia":[{"embeddable":true,"href":"https:\/\/www.cherka-company.ba\/index.php?rest_route=\/wp\/v2\/media\/1296"}],"wp:attachment":[{"href":"https:\/\/www.cherka-company.ba\/index.php?rest_route=%2Fwp%2Fv2%2Fmedia&parent=1295"}],"wp:term":[{"taxonomy":"product_cat","embeddable":true,"href":"https:\/\/www.cherka-company.ba\/index.php?rest_route=%2Fwp%2Fv2%2Fproduct_cat&post=1295"},{"taxonomy":"product_tag","embeddable":true,"href":"https:\/\/www.cherka-company.ba\/index.php?rest_route=%2Fwp%2Fv2%2Fproduct_tag&post=1295"}],"curies":[{"name":"wp","href":"https:\/\/api.w.org\/{rel}","templated":true}]}}