{"id":1271,"date":"2022-08-10T06:15:42","date_gmt":"2022-08-10T06:15:42","guid":{"rendered":"https:\/\/www.cherka-company.ba\/?post_type=product&#038;p=1271"},"modified":"2022-09-16T08:24:39","modified_gmt":"2022-09-16T08:24:39","slug":"pasta-za-stomu","status":"publish","type":"product","link":"https:\/\/www.cherka-company.ba\/?product=pasta-za-stomu","title":{"rendered":"Pasta za stomu"},"content":{"rendered":"<p>Prije upotrebe oprati ruke te na prst istisnuti dovoljnu koli\u010dinu paste kako bi izravnali odre\u0111enu povr\u0161inu. Ravnomjerno rasporediti pastu kako bi povr\u0161ina \u0161to ravnija za apliciranje pomagala<\/p>\n","protected":false},"excerpt":{"rendered":"<p>Coloplast pasta za osobe sa stomom omogu\u0107ava dodatnu sigurnost za podru\u010dje izme\u0111u ko\u017ee i pomagala. Pasta izravnava o\u017eiljke i nabore oko stome, \u010dime se omogu\u0107ava bolje prijanjanje plo\u010dice za ko\u017eu i slu\u017ei kao dodatno ljepilo<\/p>\n","protected":false},"featured_media":1272,"template":"","meta":[],"product_cat":[102,47],"product_tag":[],"_links":{"self":[{"href":"https:\/\/www.cherka-company.ba\/index.php?rest_route=\/wp\/v2\/product\/1271"}],"collection":[{"href":"https:\/\/www.cherka-company.ba\/index.php?rest_route=\/wp\/v2\/product"}],"about":[{"href":"https:\/\/www.cherka-company.ba\/index.php?rest_route=\/wp\/v2\/types\/product"}],"version-history":[{"count":1,"href":"https:\/\/www.cherka-company.ba\/index.php?rest_route=\/wp\/v2\/product\/1271\/revisions"}],"predecessor-version":[{"id":1273,"href":"https:\/\/www.cherka-company.ba\/index.php?rest_route=\/wp\/v2\/product\/1271\/revisions\/1273"}],"wp:featuredmedia":[{"embeddable":true,"href":"https:\/\/www.cherka-company.ba\/index.php?rest_route=\/wp\/v2\/media\/1272"}],"wp:attachment":[{"href":"https:\/\/www.cherka-company.ba\/index.php?rest_route=%2Fwp%2Fv2%2Fmedia&parent=1271"}],"wp:term":[{"taxonomy":"product_cat","embeddable":true,"href":"https:\/\/www.cherka-company.ba\/index.php?rest_route=%2Fwp%2Fv2%2Fproduct_cat&post=1271"},{"taxonomy":"product_tag","embeddable":true,"href":"https:\/\/www.cherka-company.ba\/index.php?rest_route=%2Fwp%2Fv2%2Fproduct_tag&post=1271"}],"curies":[{"name":"wp","href":"https:\/\/api.w.org\/{rel}","templated":true}]}}