{"id":1265,"date":"2022-08-09T12:16:10","date_gmt":"2022-08-09T12:16:10","guid":{"rendered":"https:\/\/www.cherka-company.ba\/?post_type=product&#038;p=1265"},"modified":"2022-08-09T12:19:26","modified_gmt":"2022-08-09T12:19:26","slug":"care-sens-lancete","status":"publish","type":"product","link":"https:\/\/www.cherka-company.ba\/?product=care-sens-lancete","title":{"rendered":"Care Sens Lancete"},"content":{"rendered":"<ul class=\"porto-info-list font-size-md ps-4\">\n<li class=\"porto-info-list-item\"><i class=\"porto-info-icon fa fa-check-circle\"><\/i>\n<div class=\"porto-info-list-item-desc\" style=\"font-size: 14px;\">Sterilan jednokratni proizvod<\/div>\n<\/li>\n<li class=\"porto-info-list-item\"><i class=\"porto-info-icon fa fa-check-circle\"><\/i>\n<div class=\"porto-info-list-item-desc\" style=\"font-size: 14px;\">Mali promjer igle, samo 0,30 mm<\/div>\n<\/li>\n<li class=\"porto-info-list-item\"><i class=\"porto-info-icon fa fa-check-circle\"><\/i>\n<div class=\"porto-info-list-item-desc\" style=\"font-size: 14px;\">Kompatibilne sa svim standardnim lancetarima<\/div>\n<\/li>\n<li class=\"porto-info-list-item\"><i class=\"porto-info-icon fa fa-check-circle\"><\/i>\n<div class=\"porto-info-list-item-desc\" style=\"font-size: 14px;\">Ovojnica je napravljena od plastike te na vrhu ima za\u0161titnu kapicu oko igle<\/div>\n<\/li>\n<li class=\"porto-info-list-item\"><i class=\"porto-info-icon fa fa-check-circle\"><\/i>\n<div class=\"porto-info-list-item-desc\" style=\"font-size: 14px;\">Pakiranje 50 i 100 komada<\/div>\n<\/li>\n<li class=\"porto-info-list-item\"><i class=\"porto-info-icon fa fa-check-circle\"><\/i>\n<div class=\"porto-info-list-item-desc\" style=\"font-size: 14px;\">Debljina igle: 30 G (28G opcionalno)<\/div>\n<\/li>\n<li class=\"porto-info-list-item\"><i class=\"porto-info-icon fa fa-check-circle\"><\/i>\n<div class=\"porto-info-list-item-desc\" style=\"font-size: 14px;\">Univerzalne lancete<\/li>\n<\/ul>\n","protected":false},"excerpt":{"rendered":"<p>CareSens lancete su vrlo jednostavne za uporabu te imaju vro maleni promjer igle od samo 0,30 mm \u0161to omogo\u0107uje gotovo pa bezbolan ubod. Kompatibilne su sa svim standardnim lancetarima na tr\u017ei\u0161tu.<\/p>\n","protected":false},"featured_media":1266,"template":"","meta":[],"product_cat":[66],"product_tag":[],"_links":{"self":[{"href":"https:\/\/www.cherka-company.ba\/index.php?rest_route=\/wp\/v2\/product\/1265"}],"collection":[{"href":"https:\/\/www.cherka-company.ba\/index.php?rest_route=\/wp\/v2\/product"}],"about":[{"href":"https:\/\/www.cherka-company.ba\/index.php?rest_route=\/wp\/v2\/types\/product"}],"version-history":[{"count":4,"href":"https:\/\/www.cherka-company.ba\/index.php?rest_route=\/wp\/v2\/product\/1265\/revisions"}],"predecessor-version":[{"id":1270,"href":"https:\/\/www.cherka-company.ba\/index.php?rest_route=\/wp\/v2\/product\/1265\/revisions\/1270"}],"wp:featuredmedia":[{"embeddable":true,"href":"https:\/\/www.cherka-company.ba\/index.php?rest_route=\/wp\/v2\/media\/1266"}],"wp:attachment":[{"href":"https:\/\/www.cherka-company.ba\/index.php?rest_route=%2Fwp%2Fv2%2Fmedia&parent=1265"}],"wp:term":[{"taxonomy":"product_cat","embeddable":true,"href":"https:\/\/www.cherka-company.ba\/index.php?rest_route=%2Fwp%2Fv2%2Fproduct_cat&post=1265"},{"taxonomy":"product_tag","embeddable":true,"href":"https:\/\/www.cherka-company.ba\/index.php?rest_route=%2Fwp%2Fv2%2Fproduct_tag&post=1265"}],"curies":[{"name":"wp","href":"https:\/\/api.w.org\/{rel}","templated":true}]}}