{"id":1192,"date":"2022-08-09T09:29:11","date_gmt":"2022-08-09T09:29:11","guid":{"rendered":"https:\/\/www.cherka-company.ba\/?post_type=product&#038;p=1192"},"modified":"2025-08-20T06:20:51","modified_gmt":"2025-08-20T06:20:51","slug":"kolostoma-dvodijelni","status":"publish","type":"product","link":"https:\/\/www.cherka-company.ba\/?product=kolostoma-dvodijelni","title":{"rendered":"Kolostoma vre\u0107ica &#8211; dvodijelni sustav"},"content":{"rendered":"<p>KOJA JE RAZLIKA IZME\u0110U JEDNODIJELNOG I DVODIJELNOG SUSTAVA?<\/p>\n<ul class=\"porto-info-list font-size-md ps-4\">\n<li class=\"porto-info-list-item\"><i class=\"porto-info-icon fa fa-check-circle\"><\/i>\n<div class=\"porto-info-list-item-desc\" style=\"font-size: 14px\">Jednodijelni sustav je onaj u kojem je vre\u0107ica ve\u0107 unaprijed i trajno spojena sa plo\u010dicom i s njom ve\u0107 u pakiranju \u010dini jedinstven proizvod.<\/div>\n<\/li>\n<li class=\"porto-info-list-item\"><i class=\"porto-info-icon fa fa-check-circle\"><\/i>\n<div class=\"porto-info-list-item-desc\" style=\"font-size: 14px\">Zbog jake fizi\u010dke veze me\u0111u njima, nije mogu\u0107e odvojiti plo\u010dicu od vre\u0107ice.<\/div>\n<\/li>\n<\/ul>\n<p>Plo\u010dica je ljepljiva i aplicira se na ko\u017eu oko stome. Kada se vre\u0107ica napuni, cijeli sustav (plo\u010dica i vre\u0107ica) se uklanjaju i odla\u017ee zajedno, a zatim na va\u0161u stomu lijepite novu jednodijelu stoma vre\u0107icu. Neki korisnici preferiraju jednodijelni sustav apliciranja, jer je ne\u0161to fleksibilniji od dvodijelnog.<\/p>\n<p>Sa druge strane dvodijelni sustav sastoji se od odvojene plo\u010dice i zasebne vre\u0107ice. Plo\u010dica je ljepljiva i lijepi se na ko\u017eu oko stome, a tek nakon \u0161to se plo\u010dica u\u010dvrsti na ko\u017ei, na nju montirate vre\u0107icu. Spajanje plo\u010dice i vre\u0107ice osigurano je sustavom prstena sa osigura\u010dem. Kada ispravno spojimo plo\u010dicu s vre\u0107icom, \u010duje se \u201eklik\u201c koji \u0107e potvrditi da je plo\u010dica sigurno spojena sa vre\u0107icom.<\/p>\n<p>Kada do\u0111e vrijeme za promjenu vre\u0107ice kod dvodijelnog\u00a0<a title=\"\" href=\"http:\/\/cherka-company.ba\/images\/sadrzaji\/kolostoma22.jpg\">\u00a0<\/a>sustava, samo se vre\u0107ica mijenja i odla\u017ee. Plo\u010dica i dalje ostaje na ko\u017ei, te se na nju mo\u017ee aplicirati nova vre\u0107ica. Naravno, ni plo\u010dica ne mo\u017ee trajno ostati na ko\u017ei. Preporuka je da se mijenja drugom plo\u010dicom nakon \u0161to se na njoj izmjeni 2-5 vre\u0107ica. Vre\u0107ica se treba mijenjati ovisno o intenzitetu va\u0161e stolice i par puta dnevno.<\/p>\n<p>Neki korisnici dvodijelni sustav smatraju ugodnijim za ko\u017eu od jednodijelnog, jer se plo\u010dica prilijepljena na ko\u017eu oko stome ne treba u ovom slu\u010daju mijenjati tako \u010desto, te se samim tim stvara manja iritacije ko\u017ee. Izbor jednodijelnog ili dvodijelnog sustava ovisi prije svega o va\u0161im osobnim preferencijama i tipu va\u0161e ko\u017ee, odnosno njezinoj osjetljivosti.<\/p>\n<p>U svakom slu\u010daju, Alterna vre\u0107ice za kolostomu su mekane, ugodne i diskretne. Napravljene su od materijala koji ne \u0161iti ne\u017eeljene \u0161u\u0161kave zvukove, te imaju ugra\u0111eni filter za uklanjanje neugodnih mirisa. Ona strana vre\u0107ice koja se naslanja na ko\u017eu napravljena je od prijatnog materijala, koji \u201edi\u0161e\u201c i ne iritira ko\u017eu Vre\u0107ica je napravljena od kombinacije materijala koji se sa izvana brzo su\u0161e, pa se s Alterna vre\u0107icom mo\u017eete tu\u0161irati, \u010dak i plivati bez ikakvih problema.<\/p>\n<p>Karakteristike Alterna plo\u010dicaIspitivanja ko\u017ee na ljudima koji koriste stomu su pokazala da 45% njih ima probleme sa ko\u017eom oko stome, te da 77% ko\u017enih problema su povezani sa tim \u0161to ko\u017ea dolazi u kontakt sa izlu\u010devinama stome.<\/p>\n<p>Zdrava ko\u017ea oko stome je od velikog zna\u010daja za kvalitetu \u017eivota. Prema tome, krucijalno je da prona\u0111ete stoma pomagalo koje odgovara va\u0161oj stomi i vrsti ko\u017ee, te da se brinete o ko\u017ei.<\/p>\n<p>Alterna je proizvodni program jednodijelnih i dvodijelnih stoma pomagala razvijenih sa posebnim fokusom na zdravu ko\u017eu i sigurnost. Alterna je dizajnirana da odgovori izazovima razli\u010ditih oblika tijela i stoma, kao i potrebama normalnog svakodnevnog \u017eivota.<\/p>\n<p>Alterna ljepilo je sa\u010dinjeno od dva razli\u010dita sloja ljepila zarolana u jedinstvenu spiralnu strukturu, ujedinjuju\u0107i dva materijala. Sme\u0111i sloj omogu\u0107ava prijanjaju\u0107u mo\u0107, dopu\u0161taju\u0107i sigurno prianjanje ko\u017ei, smanjuju\u0107i rizik curenja. Dok bijeli sloj upija vla\u017enost ko\u017ee, \u0161tite\u0107i ko\u017eu od iritacije i \u010dine\u0107i pomagalo lak\u0161e za uklanjanje.<\/p>\n<p>Na zatvorenoj vre\u0107ici nalazi se filter koji je integriran u vre\u0107icu, dopu\u0161taju\u0107i da zrak neometano struji, time minimiziraju\u0107i napuhivanje vre\u0107ice i eliminiraju\u0107i smrad.<\/p>\n<p>Dvodijelni alterna sustav nudi sigurnosni klju\u010d sa spojkom, koji je jednostavan za kori\u0161tenje: \u201eokreni i klikni\u201c za sigurno zaklju\u010davanje! Posjeduje zvu\u010dni klik, tako da ljudi mogu biti mirni nakon \u0161to ga \u010duju, tj. pomagalo je sigurno. Nadalje, mo\u017eete okrenuti klju\u010d u poziciju koja vama najvi\u0161e odgovara.<\/p>\n<p><strong><em>Ne\u0107ete vi\u0161e imati nedoumicu o tome \u0161to izabrati: sigurnost ili brigu o ko\u017ei, kada budete birali pomagalo za sebe, jer stoma pomagalo kao Alterna omogu\u0107ava oboje!<\/em><\/strong><\/p>\n","protected":false},"excerpt":{"rendered":"<p>Kada ste nakon operacije postali korisnik kolostome, u ve\u0107ini slu\u010dajeva imate tvrdu stolicu. Zbog toga, obi\u010dno trebate koristiti zatvorene vre\u0107ice. Ove vre\u0107ice su dizajnirane za sigurnu jednokratnu upotrebu, te se moraju baciti nakon \u0161to se napune. Ovo je dvodijelna vrsta vre\u0107ice koja ide na disk\/plo\u010dicu koja treba biti odgovaraju\u0107ih dimenzija za odgovaraju\u0107u veli\u010dinu vre\u0107ice.<\/p>\n<p><img loading=\"lazy\" class=\"alignnone size-medium wp-image-2088\" src=\"https:\/\/www.cherka-company.ba\/wp-content\/uploads\/2022\/08\/Coloplast-300x68.jpg\" alt=\"\" width=\"300\" height=\"68\" \/><\/p>\n","protected":false},"featured_media":1210,"template":"","meta":[],"product_cat":[99,47],"product_tag":[],"_links":{"self":[{"href":"https:\/\/www.cherka-company.ba\/index.php?rest_route=\/wp\/v2\/product\/1192"}],"collection":[{"href":"https:\/\/www.cherka-company.ba\/index.php?rest_route=\/wp\/v2\/product"}],"about":[{"href":"https:\/\/www.cherka-company.ba\/index.php?rest_route=\/wp\/v2\/types\/product"}],"version-history":[{"count":6,"href":"https:\/\/www.cherka-company.ba\/index.php?rest_route=\/wp\/v2\/product\/1192\/revisions"}],"predecessor-version":[{"id":2108,"href":"https:\/\/www.cherka-company.ba\/index.php?rest_route=\/wp\/v2\/product\/1192\/revisions\/2108"}],"wp:featuredmedia":[{"embeddable":true,"href":"https:\/\/www.cherka-company.ba\/index.php?rest_route=\/wp\/v2\/media\/1210"}],"wp:attachment":[{"href":"https:\/\/www.cherka-company.ba\/index.php?rest_route=%2Fwp%2Fv2%2Fmedia&parent=1192"}],"wp:term":[{"taxonomy":"product_cat","embeddable":true,"href":"https:\/\/www.cherka-company.ba\/index.php?rest_route=%2Fwp%2Fv2%2Fproduct_cat&post=1192"},{"taxonomy":"product_tag","embeddable":true,"href":"https:\/\/www.cherka-company.ba\/index.php?rest_route=%2Fwp%2Fv2%2Fproduct_tag&post=1192"}],"curies":[{"name":"wp","href":"https:\/\/api.w.org\/{rel}","templated":true}]}}